{"id":149,"date":"2020-03-19T09:44:30","date_gmt":"2020-03-19T08:44:30","guid":{"rendered":"https:\/\/caster.caliberthemes.com\/staging-creative-portfolio-light\/?page_id=149"},"modified":"2026-02-04T22:00:46","modified_gmt":"2026-02-04T21:00:46","slug":"a-propos","status":"publish","type":"page","link":"https:\/\/www.clarahino.fr\/index.php\/a-propos\/","title":{"rendered":"\u00c0 propos"},"content":{"rendered":"\t\t<div data-elementor-type=\"wp-page\" data-elementor-id=\"149\" class=\"elementor elementor-149\">\n\t\t\t\t\t\t<section class=\"elementor-section elementor-top-section elementor-element elementor-element-659231e elementor-section-boxed elementor-section-height-default elementor-section-height-default\" data-id=\"659231e\" data-element_type=\"section\" data-e-type=\"section\">\n\t\t\t\t\t\t<div class=\"elementor-container elementor-column-gap-default\">\n\t\t\t\t\t<div class=\"elementor-column elementor-col-50 elementor-top-column elementor-element elementor-element-f309953\" data-id=\"f309953\" data-element_type=\"column\" data-e-type=\"column\">\n\t\t\t<div class=\"elementor-widget-wrap elementor-element-populated\">\n\t\t\t\t\t\t<div class=\"elementor-element elementor-element-419dbce elementor-widget elementor-widget-spacer\" data-id=\"419dbce\" data-element_type=\"widget\" data-e-type=\"widget\" data-widget_type=\"spacer.default\">\n\t\t\t\t<div class=\"elementor-widget-container\">\n\t\t\t\t\t\t\t<div class=\"elementor-spacer\">\n\t\t\t<div class=\"elementor-spacer-inner\"><\/div>\n\t\t<\/div>\n\t\t\t\t\t\t<\/div>\n\t\t\t\t<\/div>\n\t\t\t\t<div class=\"elementor-element elementor-element-4524f13 elementor-widget__width-inherit elementor-widget elementor-widget-image\" data-id=\"4524f13\" data-element_type=\"widget\" data-e-type=\"widget\" data-widget_type=\"image.default\">\n\t\t\t\t<div class=\"elementor-widget-container\">\n\t\t\t\t\t\t\t\t\t\t\t\t\t\t\t<img fetchpriority=\"high\" decoding=\"async\" width=\"709\" height=\"693\" src=\"https:\/\/www.clarahino.fr\/wp-content\/uploads\/2025\/07\/logo-02.png\" class=\"attachment-medium_large size-medium_large wp-image-2928\" alt=\"\" srcset=\"https:\/\/www.clarahino.fr\/wp-content\/uploads\/2025\/07\/logo-02.png 709w, https:\/\/www.clarahino.fr\/wp-content\/uploads\/2025\/07\/logo-02-300x293.png 300w, https:\/\/www.clarahino.fr\/wp-content\/uploads\/2025\/07\/logo-02-600x586.png 600w\" sizes=\"(max-width: 709px) 100vw, 709px\" \/>\t\t\t\t\t\t\t\t\t\t\t\t\t\t\t<\/div>\n\t\t\t\t<\/div>\n\t\t\t\t\t<\/div>\n\t\t<\/div>\n\t\t\t\t<div class=\"elementor-column elementor-col-50 elementor-top-column elementor-element elementor-element-cd396ab\" data-id=\"cd396ab\" data-element_type=\"column\" data-e-type=\"column\">\n\t\t\t<div class=\"elementor-widget-wrap elementor-element-populated\">\n\t\t\t\t\t\t<div class=\"elementor-element elementor-element-0e95810 elementor-widget elementor-widget-spacer\" data-id=\"0e95810\" data-element_type=\"widget\" data-e-type=\"widget\" data-widget_type=\"spacer.default\">\n\t\t\t\t<div class=\"elementor-widget-container\">\n\t\t\t\t\t\t\t<div class=\"elementor-spacer\">\n\t\t\t<div class=\"elementor-spacer-inner\"><\/div>\n\t\t<\/div>\n\t\t\t\t\t\t<\/div>\n\t\t\t\t<\/div>\n\t\t\t\t<div class=\"elementor-element elementor-element-adb260f elementor-widget__width-initial elementor-widget elementor-widget-text-editor\" data-id=\"adb260f\" data-element_type=\"widget\" data-e-type=\"widget\" data-widget_type=\"text-editor.default\">\n\t\t\t\t<div class=\"elementor-widget-container\">\n\t\t\t\t\t\t\t\t\t<p><span style=\"color: #000000;\">Bonjour ! Je m&rsquo;appelle Clara Hinoveanu et je suis une illustratrice sp\u00e9cialis\u00e9e dans l&rsquo;illustration didactique, scientifique et jeunesse. <span style=\"font-size: inherit; font-weight: inherit;\">J&rsquo;ai suivi une formation de deux ans en graphisme, puis une formation en design d&rsquo;illustrations scientifiques durant deux ans \u00e9galement, \u00e0 l&rsquo;<\/span><span style=\"font-size: inherit; font-weight: inherit;\">\u00c9cole \u00c9<\/span><span style=\"font-size: inherit; font-weight: inherit;\">stienne \u00e0 Paris<\/span><span style=\"font-size: inherit; font-weight: inherit;\">. J&rsquo;ai ensuite travaill\u00e9 en tant que graphiste et illustratrice au sein du CNRS Nucl\u00e9aire &amp; Particules (IN2P3) avant de me lancer \u00e0 mon compte. Ces exp\u00e9riences m&rsquo;ont permis de me forger de solides comp\u00e9tences dans la cr\u00e9ation d&rsquo;illustrations \u00e0 but p\u00e9dagogique. <\/span><span style=\"font-size: inherit; font-weight: inherit;\">Aujourd&rsquo;hui, je travaille pour des associations, des institutions culturelles et scientifiques ainsi que des maisons d&rsquo;\u00e9dition et des magazines.<\/span><\/span><\/p><p><em style=\"color: inherit; font-size: inherit; font-weight: inherit;\"><span style=\"font-size: 12pt; color: #000000;\">Hi! My name is Clara Hinoveanu and I&rsquo;m an illustrator specialized in didactic and scientific illustration and children&rsquo;s illustration.\u00a0<\/span><\/em><span style=\"font-size: inherit; font-weight: inherit; color: #000000;\"><span style=\"font-size: 16px;\"><i>I studied graphic design for two years and scientific illustration design for another two years. Then I worked as a graphic designer and illustrator for the CNRS Nuclei &amp; Particles (IN2P3) in France. These experiences brought me strong skills in illustrating for pedagogical purposes. Nowadays, I work with non-profit organizations, cultural and scientific institutions, publishing houses and magazines.<\/i><\/span><\/span><\/p><p style=\"margin-bottom: 0px; color: #222222; font-family: Arial, Helvetica, sans-serif; font-size: small; font-weight: 400;\"><span style=\"font-size: 12pt;\">Vous avez un projet ? Discutons-en ! \/ Do you have a project in mind? Let&rsquo;s talk!<\/span><\/p><p style=\"margin-bottom: 0px; color: #222222; font-family: Arial, Helvetica, sans-serif; font-size: small; font-weight: 400;\"><span style=\"font-size: 12pt;\"><img decoding=\"async\" class=\"emoji\" role=\"img\" draggable=\"false\" src=\"https:\/\/s.w.org\/images\/core\/emoji\/14.0.0\/svg\/1f48c.svg\" alt=\"\ud83d\udc8c\" \/> <\/span><span style=\"font-family: Jost;\"><a style=\"font-size: 12pt; color: #9900ff;\" href=\"mailto:clarahinoveanu@gmail.com\">clarahinoveanu@gmail.com<\/a><\/span><\/p><p style=\"margin-bottom: 0px; color: #222222; font-family: Arial, Helvetica, sans-serif; font-size: small; font-weight: 400;\"><span style=\"font-family: Jost; font-size: 12pt;\"><span style=\"color: #000000;\"><span style=\"color: #9900ff;\"><span style=\"font-size: 12pt; color: #000000;\">Je suis aussi pr\u00e9sente ici \/ you can also find me here: <\/span><a style=\"background-color: #ffffff; color: #9900ff;\" href=\"https:\/\/www.instagram.com\/clara_hino\/\" target=\"_blank\" rel=\"noopener\">Insta<span style=\"color: #9900ff;\">gra<\/span><\/a>m \/ <\/span><\/span><span style=\"color: #962eff;\"><a style=\"color: #962eff;\" href=\"http:\/\/www.linkedin.com\/in\/clara-hinoveanu-42a2a6176\">Linkedi<\/a><\/span><\/span><span style=\"font-family: Jost; font-size: 12pt;\"><br \/><\/span><\/p>\t\t\t\t\t\t\t\t<\/div>\n\t\t\t\t<\/div>\n\t\t\t\t\t<\/div>\n\t\t<\/div>\n\t\t\t\t\t<\/div>\n\t\t<\/section>\n\t\t\t\t<section class=\"elementor-section elementor-top-section elementor-element elementor-element-5a4f4fb elementor-section-boxed elementor-section-height-default elementor-section-height-default\" data-id=\"5a4f4fb\" data-element_type=\"section\" data-e-type=\"section\">\n\t\t\t\t\t\t<div class=\"elementor-container elementor-column-gap-default\">\n\t\t\t\t\t<div class=\"elementor-column elementor-col-100 elementor-top-column elementor-element elementor-element-f7cccbb\" data-id=\"f7cccbb\" data-element_type=\"column\" data-e-type=\"column\">\n\t\t\t<div class=\"elementor-widget-wrap elementor-element-populated\">\n\t\t\t\t\t\t<div class=\"elementor-element elementor-element-b94b3a2 elementor-widget elementor-widget-spacer\" data-id=\"b94b3a2\" data-element_type=\"widget\" data-e-type=\"widget\" data-widget_type=\"spacer.default\">\n\t\t\t\t<div class=\"elementor-widget-container\">\n\t\t\t\t\t\t\t<div class=\"elementor-spacer\">\n\t\t\t<div class=\"elementor-spacer-inner\"><\/div>\n\t\t<\/div>\n\t\t\t\t\t\t<\/div>\n\t\t\t\t<\/div>\n\t\t\t\t\t<\/div>\n\t\t<\/div>\n\t\t\t\t\t<\/div>\n\t\t<\/section>\n\t\t\t\t<section class=\"elementor-section elementor-top-section elementor-element elementor-element-3454b6a elementor-section-boxed elementor-section-height-default elementor-section-height-default\" data-id=\"3454b6a\" data-element_type=\"section\" data-e-type=\"section\">\n\t\t\t\t\t\t<div class=\"elementor-container elementor-column-gap-default\">\n\t\t\t\t\t<div class=\"elementor-column elementor-col-100 elementor-top-column elementor-element elementor-element-2ffd985\" data-id=\"2ffd985\" data-element_type=\"column\" data-e-type=\"column\">\n\t\t\t<div class=\"elementor-widget-wrap\">\n\t\t\t\t\t\t\t<\/div>\n\t\t<\/div>\n\t\t\t\t\t<\/div>\n\t\t<\/section>\n\t\t\t\t<\/div>\n\t\t","protected":false},"excerpt":{"rendered":"<p>Bonjour ! Je m&rsquo;appelle Clara Hinoveanu et je suis une illustratrice sp\u00e9cialis\u00e9e dans l&rsquo;illustration didactique, scientifique et jeunesse. J&rsquo;ai suivi une formation de deux ans en graphisme, puis une formation en design d&rsquo;illustrations scientifiques durant deux ans \u00e9galement, \u00e0 l&rsquo;\u00c9cole \u00c9stienne \u00e0 Paris. J&rsquo;ai ensuite travaill\u00e9 en tant que graphiste et illustratrice au sein du [&hellip;]<\/p>\n","protected":false},"author":1,"featured_media":0,"parent":0,"menu_order":0,"comment_status":"closed","ping_status":"closed","template":"","meta":{"footnotes":""},"class_list":["post-149","page","type-page","status-publish","hentry"],"yoast_head":"<!-- This site is optimized with the Yoast SEO plugin v26.9 - https:\/\/yoast.com\/product\/yoast-seo-wordpress\/ -->\n<title>\u00c0 propos - Clara Hinoveanu<\/title>\n<meta name=\"robots\" content=\"index, follow, max-snippet:-1, max-image-preview:large, max-video-preview:-1\" \/>\n<link rel=\"canonical\" href=\"https:\/\/www.clarahino.fr\/index.php\/a-propos\/\" \/>\n<meta property=\"og:locale\" content=\"fr_FR\" \/>\n<meta property=\"og:type\" content=\"article\" \/>\n<meta property=\"og:title\" content=\"\u00c0 propos - Clara Hinoveanu\" \/>\n<meta property=\"og:description\" content=\"Bonjour ! Je m&rsquo;appelle Clara Hinoveanu et je suis une illustratrice sp\u00e9cialis\u00e9e dans l&rsquo;illustration didactique, scientifique et jeunesse. J&rsquo;ai suivi une formation de deux ans en graphisme, puis une formation en design d&rsquo;illustrations scientifiques durant deux ans \u00e9galement, \u00e0 l&rsquo;\u00c9cole \u00c9stienne \u00e0 Paris. J&rsquo;ai ensuite travaill\u00e9 en tant que graphiste et illustratrice au sein du [&hellip;]\" \/>\n<meta property=\"og:url\" content=\"https:\/\/www.clarahino.fr\/index.php\/a-propos\/\" \/>\n<meta property=\"og:site_name\" content=\"Clara Hinoveanu\" \/>\n<meta property=\"article:modified_time\" content=\"2026-02-04T21:00:46+00:00\" \/>\n<meta property=\"og:image\" content=\"http:\/\/www.clarahino.fr\/wp-content\/uploads\/2025\/07\/logo-02.png\" \/>\n<meta name=\"twitter:card\" content=\"summary_large_image\" \/>\n<meta name=\"twitter:label1\" content=\"Dur\u00e9e de lecture estim\u00e9e\" \/>\n\t<meta name=\"twitter:data1\" content=\"2 minutes\" \/>\n<script type=\"application\/ld+json\" class=\"yoast-schema-graph\">{\"@context\":\"https:\/\/schema.org\",\"@graph\":[{\"@type\":\"WebPage\",\"@id\":\"https:\/\/www.clarahino.fr\/index.php\/a-propos\/\",\"url\":\"https:\/\/www.clarahino.fr\/index.php\/a-propos\/\",\"name\":\"\u00c0 propos - Clara Hinoveanu\",\"isPartOf\":{\"@id\":\"https:\/\/www.clarahino.fr\/#website\"},\"primaryImageOfPage\":{\"@id\":\"https:\/\/www.clarahino.fr\/index.php\/a-propos\/#primaryimage\"},\"image\":{\"@id\":\"https:\/\/www.clarahino.fr\/index.php\/a-propos\/#primaryimage\"},\"thumbnailUrl\":\"https:\/\/www.clarahino.fr\/wp-content\/uploads\/2025\/07\/logo-02.png\",\"datePublished\":\"2020-03-19T08:44:30+00:00\",\"dateModified\":\"2026-02-04T21:00:46+00:00\",\"breadcrumb\":{\"@id\":\"https:\/\/www.clarahino.fr\/index.php\/a-propos\/#breadcrumb\"},\"inLanguage\":\"fr-FR\",\"potentialAction\":[{\"@type\":\"ReadAction\",\"target\":[\"https:\/\/www.clarahino.fr\/index.php\/a-propos\/\"]}]},{\"@type\":\"ImageObject\",\"inLanguage\":\"fr-FR\",\"@id\":\"https:\/\/www.clarahino.fr\/index.php\/a-propos\/#primaryimage\",\"url\":\"https:\/\/www.clarahino.fr\/wp-content\/uploads\/2025\/07\/logo-02.png\",\"contentUrl\":\"https:\/\/www.clarahino.fr\/wp-content\/uploads\/2025\/07\/logo-02.png\",\"width\":709,\"height\":693},{\"@type\":\"BreadcrumbList\",\"@id\":\"https:\/\/www.clarahino.fr\/index.php\/a-propos\/#breadcrumb\",\"itemListElement\":[{\"@type\":\"ListItem\",\"position\":1,\"name\":\"Accueil\",\"item\":\"https:\/\/www.clarahino.fr\/\"},{\"@type\":\"ListItem\",\"position\":2,\"name\":\"\u00c0 propos\"}]},{\"@type\":\"WebSite\",\"@id\":\"https:\/\/www.clarahino.fr\/#website\",\"url\":\"https:\/\/www.clarahino.fr\/\",\"name\":\"Clara Hinoveanu\",\"description\":\"Illustration &amp; graphisme\",\"publisher\":{\"@id\":\"https:\/\/www.clarahino.fr\/#organization\"},\"potentialAction\":[{\"@type\":\"SearchAction\",\"target\":{\"@type\":\"EntryPoint\",\"urlTemplate\":\"https:\/\/www.clarahino.fr\/?s={search_term_string}\"},\"query-input\":{\"@type\":\"PropertyValueSpecification\",\"valueRequired\":true,\"valueName\":\"search_term_string\"}}],\"inLanguage\":\"fr-FR\"},{\"@type\":\"Organization\",\"@id\":\"https:\/\/www.clarahino.fr\/#organization\",\"name\":\"Clara Hinoveanu\",\"url\":\"https:\/\/www.clarahino.fr\/\",\"logo\":{\"@type\":\"ImageObject\",\"inLanguage\":\"fr-FR\",\"@id\":\"https:\/\/www.clarahino.fr\/#\/schema\/logo\/image\/\",\"url\":\"https:\/\/www.clarahino.fr\/wp-content\/uploads\/2021\/11\/logo-2.0-hd_Plan-de-travail-1.png\",\"contentUrl\":\"https:\/\/www.clarahino.fr\/wp-content\/uploads\/2021\/11\/logo-2.0-hd_Plan-de-travail-1.png\",\"width\":651,\"height\":82,\"caption\":\"Clara Hinoveanu\"},\"image\":{\"@id\":\"https:\/\/www.clarahino.fr\/#\/schema\/logo\/image\/\"}}]}<\/script>\n<!-- \/ Yoast SEO plugin. -->","yoast_head_json":{"title":"\u00c0 propos - Clara Hinoveanu","robots":{"index":"index","follow":"follow","max-snippet":"max-snippet:-1","max-image-preview":"max-image-preview:large","max-video-preview":"max-video-preview:-1"},"canonical":"https:\/\/www.clarahino.fr\/index.php\/a-propos\/","og_locale":"fr_FR","og_type":"article","og_title":"\u00c0 propos - Clara Hinoveanu","og_description":"Bonjour ! Je m&rsquo;appelle Clara Hinoveanu et je suis une illustratrice sp\u00e9cialis\u00e9e dans l&rsquo;illustration didactique, scientifique et jeunesse. J&rsquo;ai suivi une formation de deux ans en graphisme, puis une formation en design d&rsquo;illustrations scientifiques durant deux ans \u00e9galement, \u00e0 l&rsquo;\u00c9cole \u00c9stienne \u00e0 Paris. J&rsquo;ai ensuite travaill\u00e9 en tant que graphiste et illustratrice au sein du [&hellip;]","og_url":"https:\/\/www.clarahino.fr\/index.php\/a-propos\/","og_site_name":"Clara Hinoveanu","article_modified_time":"2026-02-04T21:00:46+00:00","og_image":[{"url":"http:\/\/www.clarahino.fr\/wp-content\/uploads\/2025\/07\/logo-02.png","type":"","width":"","height":""}],"twitter_card":"summary_large_image","twitter_misc":{"Dur\u00e9e de lecture estim\u00e9e":"2 minutes"},"schema":{"@context":"https:\/\/schema.org","@graph":[{"@type":"WebPage","@id":"https:\/\/www.clarahino.fr\/index.php\/a-propos\/","url":"https:\/\/www.clarahino.fr\/index.php\/a-propos\/","name":"\u00c0 propos - Clara Hinoveanu","isPartOf":{"@id":"https:\/\/www.clarahino.fr\/#website"},"primaryImageOfPage":{"@id":"https:\/\/www.clarahino.fr\/index.php\/a-propos\/#primaryimage"},"image":{"@id":"https:\/\/www.clarahino.fr\/index.php\/a-propos\/#primaryimage"},"thumbnailUrl":"https:\/\/www.clarahino.fr\/wp-content\/uploads\/2025\/07\/logo-02.png","datePublished":"2020-03-19T08:44:30+00:00","dateModified":"2026-02-04T21:00:46+00:00","breadcrumb":{"@id":"https:\/\/www.clarahino.fr\/index.php\/a-propos\/#breadcrumb"},"inLanguage":"fr-FR","potentialAction":[{"@type":"ReadAction","target":["https:\/\/www.clarahino.fr\/index.php\/a-propos\/"]}]},{"@type":"ImageObject","inLanguage":"fr-FR","@id":"https:\/\/www.clarahino.fr\/index.php\/a-propos\/#primaryimage","url":"https:\/\/www.clarahino.fr\/wp-content\/uploads\/2025\/07\/logo-02.png","contentUrl":"https:\/\/www.clarahino.fr\/wp-content\/uploads\/2025\/07\/logo-02.png","width":709,"height":693},{"@type":"BreadcrumbList","@id":"https:\/\/www.clarahino.fr\/index.php\/a-propos\/#breadcrumb","itemListElement":[{"@type":"ListItem","position":1,"name":"Accueil","item":"https:\/\/www.clarahino.fr\/"},{"@type":"ListItem","position":2,"name":"\u00c0 propos"}]},{"@type":"WebSite","@id":"https:\/\/www.clarahino.fr\/#website","url":"https:\/\/www.clarahino.fr\/","name":"Clara Hinoveanu","description":"Illustration &amp; graphisme","publisher":{"@id":"https:\/\/www.clarahino.fr\/#organization"},"potentialAction":[{"@type":"SearchAction","target":{"@type":"EntryPoint","urlTemplate":"https:\/\/www.clarahino.fr\/?s={search_term_string}"},"query-input":{"@type":"PropertyValueSpecification","valueRequired":true,"valueName":"search_term_string"}}],"inLanguage":"fr-FR"},{"@type":"Organization","@id":"https:\/\/www.clarahino.fr\/#organization","name":"Clara Hinoveanu","url":"https:\/\/www.clarahino.fr\/","logo":{"@type":"ImageObject","inLanguage":"fr-FR","@id":"https:\/\/www.clarahino.fr\/#\/schema\/logo\/image\/","url":"https:\/\/www.clarahino.fr\/wp-content\/uploads\/2021\/11\/logo-2.0-hd_Plan-de-travail-1.png","contentUrl":"https:\/\/www.clarahino.fr\/wp-content\/uploads\/2021\/11\/logo-2.0-hd_Plan-de-travail-1.png","width":651,"height":82,"caption":"Clara Hinoveanu"},"image":{"@id":"https:\/\/www.clarahino.fr\/#\/schema\/logo\/image\/"}}]}},"_links":{"self":[{"href":"https:\/\/www.clarahino.fr\/index.php\/wp-json\/wp\/v2\/pages\/149","targetHints":{"allow":["GET"]}}],"collection":[{"href":"https:\/\/www.clarahino.fr\/index.php\/wp-json\/wp\/v2\/pages"}],"about":[{"href":"https:\/\/www.clarahino.fr\/index.php\/wp-json\/wp\/v2\/types\/page"}],"author":[{"embeddable":true,"href":"https:\/\/www.clarahino.fr\/index.php\/wp-json\/wp\/v2\/users\/1"}],"replies":[{"embeddable":true,"href":"https:\/\/www.clarahino.fr\/index.php\/wp-json\/wp\/v2\/comments?post=149"}],"version-history":[{"count":520,"href":"https:\/\/www.clarahino.fr\/index.php\/wp-json\/wp\/v2\/pages\/149\/revisions"}],"predecessor-version":[{"id":2990,"href":"https:\/\/www.clarahino.fr\/index.php\/wp-json\/wp\/v2\/pages\/149\/revisions\/2990"}],"wp:attachment":[{"href":"https:\/\/www.clarahino.fr\/index.php\/wp-json\/wp\/v2\/media?parent=149"}],"curies":[{"name":"wp","href":"https:\/\/api.w.org\/{rel}","templated":true}]}}